{"id":6963,"date":"2023-08-20T10:24:19","date_gmt":"2023-08-20T08:24:19","guid":{"rendered":"https:\/\/www.preussen-chapter.de\/blog\/?page_id=6963"},"modified":"2026-01-11T10:06:36","modified_gmt":"2026-01-11T09:06:36","slug":"chapter-charity","status":"publish","type":"page","link":"https:\/\/www.preussen-chapter.de\/blog\/?page_id=6963","title":{"rendered":"Chapter Charity"},"content":{"rendered":"<p style=\"text-align: center;\"><strong><span style=\"color: #ff4800; font-size: 22px;\">Preussen Chapter Charity &#8220;Heidehaus&#8221; in Gross Sch\u00f6nebeck<\/span><\/strong><\/p>\n<p>&nbsp;<\/p>\n<div class=\"su-row\"><div class=\"su-column su-column-size-1-2\"><div class=\"su-column-inner su-u-clearfix su-u-trim\">Es hat leider etwas gedauert, bis wir es 2022 endlich wieder geschafft haben ein neues Charity-Projekt zu beginnen!<br \/>\nNach einigen \u00dcberlegungen war schnell klar, wir wollen uns wieder f\u00fcr Kinder engagieren und sind in Gross Sch\u00f6nebeck auf das &#8220;Heidehaus&#8221; aufmerksam geworden. Also haben wir mit der <b>GmbH Lebenshilfe Wohnst\u00e4tten Barnim &#8211; Heidehaus<\/b> telefonisch Kontakt aufgenommen und unsere Idee wurde nicht nur f\u00fcr gut befunden, sondern es folgte eine Einladung um den pers\u00f6nlichen Kontakt herzustellen!<br \/>\nDer Rest war ganz einfach, Erzieher und Kinder haben uns am 18.10.22 mit offenen Armen emfangen. So verlief die erste Kontaktaufnahme zur beiderseitigen Zufriedenheit und Freude!<br \/>\nGerne wollten uns die Kinder sobald als m\u00f6glich mit unseren Harley&#8217;s sehen!<\/div><\/div>\n<div class=\"su-column su-column-size-1-2\"><div class=\"su-column-inner su-u-clearfix su-u-trim\"><img decoding=\"async\" src=\"https:\/\/www.preussen-chapter.de\/blog\/wp-content\/uploads\/2023\/08\/20221016_105957-scaled-e1692808751618.jpg\" alt=\"Bild1\" border=\"2\" width=\"\" height=\"\" \/><\/div><\/div>\n<\/div>\n<div align=\"center\"><div class=\"su-row\"><div class=\"su-column su-column-size-1-2\"><div class=\"su-column-inner su-u-clearfix su-u-trim\"><img decoding=\"async\" src=\"https:\/\/www.preussen-chapter.de\/blog\/wp-content\/uploads\/2023\/08\/20221016_110013-scaled-e1692814282403.jpg\" alt=\"Bild2\" border=\"2\" width=\"\" height=\"\" \/><\/div><\/div>\n<div class=\"su-column su-column-size-1-2\"><div class=\"su-column-inner su-u-clearfix su-u-trim\"><img decoding=\"async\" src=\"https:\/\/www.preussen-chapter.de\/blog\/wp-content\/uploads\/2023\/08\/PCP_Charity_22.jpg\" alt=\"Charity22\" border=\"2\" width=\"205\" height=\"\" \/><\/div><\/div>\n<\/div><\/div>\n<div class=\"su-spoiler su-spoiler-style-default su-spoiler-icon-plus su-spoiler-closed\" data-scroll-offset=\"0\" data-anchor-in-url=\"no\"><div class=\"su-spoiler-title\" tabindex=\"0\" role=\"button\"><span class=\"su-spoiler-icon\"><\/span>Charity 2023<\/div><div class=\"su-spoiler-content su-u-clearfix su-u-trim\"><div class=\"su-row\"><div class=\"su-column su-column-size-1-1\"><div class=\"su-column-inner su-u-clearfix su-u-trim\">Nat\u00fcrlich haben wir auch die Feiertage, wie Weihnachten und Ostern f\u00fcr Besuche bei den Kindern vor Ort genutzt.<br \/>\nF\u00fcr dieses Jahr wurde ein z\u00fcnftiges Sommerfest auf dem Gel\u00e4nde vom Heidehaus in Gross Sch\u00f6nebeck geplant und am 08.07.23 war es dann soweit, wir haben uns mit unseren Bike&#8217;s zum Heidehaus nach Gross Sch\u00f6nebeck auf den Weg gemacht!<br \/>\nKinder und Erzieher haben uns ab 13:00 Uhr schon sehns\u00fcchtig erwartet und auch die Feuerwehr war vor Ort. Es gab Kaffee &#038; Kuchen, auch deftiges, wie Steaks &#038; Bratwurst vom Grill, verschiedene Salate und reichlich Getr\u00e4nke f\u00fcr Jung &#038; Alt. <\/div><\/div>\n&nbsp;&nbsp;&nbsp;<br \/>\n<div class=\"su-column su-column-size-1-1\"><div class=\"su-column-inner su-u-clearfix su-u-trim\"><img decoding=\"async\" src=\"https:\/\/www.preussen-chapter.de\/blog\/wp-content\/uploads\/2023\/08\/20230708_165304-scaled-e1693059466288.jpg\" alt=\"Gruppenbild\" border=\"2\" width=\"\" height=\"\" \/><\/div><\/div>\n<\/div>\n<div align=\"center\"><div class=\"su-row\"><div class=\"su-column su-column-size-1-2\"><div class=\"su-column-inner su-u-clearfix su-u-trim\"><img decoding=\"async\" src=\"https:\/\/www.preussen-chapter.de\/blog\/wp-content\/uploads\/2023\/08\/PCP_Charity_23.jpg\" alt=\"Charity23\" border=\"2\" width=\"215\" height=\"\" \/><\/div><\/div>\n<div class=\"su-column su-column-size-1-2\"><div class=\"su-column-inner su-u-clearfix su-u-trim\"><img decoding=\"async\" src=\"https:\/\/www.preussen-chapter.de\/blog\/wp-content\/uploads\/2023\/08\/20230708_151809-scaled-e1693060898555.jpg\" alt=\"Pavillon\" border=\"2\" width=\"\" height=\"\" \/><\/div><\/div>\n<\/div>\n<div class=\"su-row\"><div class=\"su-column su-column-size-1-2\"><div class=\"su-column-inner su-u-clearfix su-u-trim\"><img decoding=\"async\" src=\"https:\/\/www.preussen-chapter.de\/blog\/wp-content\/uploads\/2023\/08\/20230708_143131-scaled-e1693061832809.jpg\" alt=\"Feuerwehr\" border=\"2\" width=\"\" height=\"\" \/><\/div><\/div>\n<div class=\"su-column su-column-size-1-2\"><div class=\"su-column-inner su-u-clearfix su-u-trim\"><img decoding=\"async\" src=\"https:\/\/www.preussen-chapter.de\/blog\/wp-content\/uploads\/2023\/08\/20230708_170038-scaled-e1693076038996.jpg\" alt=\"Grillparty\" border=\"2\" width=\"\" height=\"\" \/><\/div><\/div>\n<\/div>\n<div class=\"su-row\"><div class=\"su-column su-column-size-1-3\"><div class=\"su-column-inner su-u-clearfix su-u-trim\"><img decoding=\"async\" src=\"https:\/\/www.preussen-chapter.de\/blog\/wp-content\/uploads\/2023\/08\/20230708_154628-scaled-e1693078453375.jpg\" alt=\"HD2\" border=\"2\" width=\"\" height=\"\" \/><\/div><\/div>\n<div class=\"su-column su-column-size-1-3\"><div class=\"su-column-inner su-u-clearfix su-u-trim\"><img decoding=\"async\" src=\"https:\/\/www.preussen-chapter.de\/blog\/wp-content\/uploads\/2023\/08\/IMG-20230709-WA0001-e1693078921363.jpg\" alt=\"HD3\" border=\"2\" width=\"272\" height=\"\" \/><\/div><\/div>\n<div class=\"su-column su-column-size-1-3\"><div class=\"su-column-inner su-u-clearfix su-u-trim\"><img decoding=\"async\" src=\"https:\/\/www.preussen-chapter.de\/blog\/wp-content\/uploads\/2023\/08\/IMG-20230708-WA0019-e1693078564794.jpg\" alt=\"HD1\" border=\"2\" width=\"\" height=\"\" \/><\/div><\/div>\n<\/div>\n<\/div>\n<div class=\"su-row\"><div class=\"su-column su-column-size-1-2\"><div class=\"su-column-inner su-u-clearfix su-u-trim\"><img decoding=\"async\" src=\"https:\/\/www.preussen-chapter.de\/blog\/wp-content\/uploads\/2023\/08\/20230708_165646-scaled-e1693082975495.jpg\" alt=\"Spenden\u00fcbergabe\" border=\"2\" width=\"\" height=\"\" \/><\/div><\/div>\n<div class=\"su-column su-column-size-1-2\"><div class=\"su-column-inner su-u-clearfix su-u-trim\">Viel neues und interessantes gab es an diesem Tag zu entdecken, denn auch die Kameraden der Feuerwehr hatten einiges zu bieten!<br \/>\nSo konnte das Feuerwehrauto in Augenschein genommen werden und auch kleine tragbare Spritzen wurden ausprobiert!<br \/>\nGanz wichtig die vielen Runden auf den Harley&#8217;s und f\u00fcr die, die nicht mitfahren konnten gab&#8217;s verschiedene Spiele, wie zum Beispiel Dosenwerfen! So hatten alle ihren Spa\u00df und super gute Laune!<br \/>\nBevor nun auch die Steaks und Bratw\u00fcrste auf den Grill kamen wurde die Spende \u00fcbergeben!<br \/>\nAnschlie\u00dfend konnte jeder nach Herzenslust Steak&#8217;s, Bratw\u00fcrste und verschiedene Salate schlemmen!<br \/>\n<\/div><\/div>\n<\/div>\n<div class=\"su-row\"><div class=\"su-column su-column-size-1-1\"><div class=\"su-column-inner su-u-clearfix su-u-trim\">Das sch\u00f6nste kommt bekanntlich zum Schlu\u00df und das war in diesem Fall das Feedback der Kinder aus dem Heidehaus in Gross Sch\u00f6nebeck!<br \/>\nGudrun, die Chefin vom Heidehaus hat uns am Sonntag danach folgende Nachricht zukommen lassen:<\/p>\n<p>F\u00fcr euer gro\u00dfes Engagement und die vielen ber\u00fchrenden Momente, f\u00fcr die tolle \u00dcberraschung und die herzlichen Begegnungen nochmals meinen herzlichen Dank an alle Beteiligten!!!<br \/>\nEs war sooo sch\u00f6n mit euch!!!<br \/>\nNick verk\u00fcndete am Ende ganz selbstbewusst: &#8220;So! Das machen wir jetzt jeden Sonnabend!&#8221; &#x1f923; und Philipp ging wie ein Schlafwandler ins Bett&#8230;<\/p>\n<p>Beste Gr\u00fc\u00dfe von Gudrun<br \/>\n<\/div><\/div>\n<\/div>\n<\/div><\/div>\n<div class=\"su-spoiler su-spoiler-style-color: #ff4800; font-size: fancyfancypx; su-spoiler-icon-plus su-spoiler-closed\" data-scroll-offset=\"0\" data-anchor-in-url=\"no\"><div class=\"su-spoiler-title\" tabindex=\"0\" role=\"button\"><span class=\"su-spoiler-icon\"><\/span>Videos 2023<\/div><div class=\"su-spoiler-content su-u-clearfix su-u-trim\"><div class=\"su-row\"><div class=\"su-column su-column-size-1-1\"><div class=\"su-column-inner su-u-clearfix su-u-trim\"><\/div><\/div>\n<p style=\"text-align: center;\"><strong><span style=\"color: #ff4800; font-size: 22px;\">Preussen Chapter Charity-Tour 2023<\/span><\/strong><\/p>\n<\/div>\n<div class=\"su-row\"><div class=\"su-column su-column-size-1-2\"><div class=\"su-column-inner su-u-clearfix su-u-trim\">\n<h3>\n<p align=\"center\"><font color=\"#ff4800\">Heidehaus Teil 1<\/font><\/p>\n<\/h3>\n<\/div><\/div>\n<div class=\"su-column su-column-size-1-2\"><div class=\"su-column-inner su-u-clearfix su-u-trim\">\n<h3>\n<p align=\"center\"><font color=\"#ff4800\">Heidehaus Teil 2<\/font><\/p>\n<\/h3>\n<\/div><\/div><\/div>\n<div class=\"su-row\"><div class=\"su-column su-column-size-1-2\"><div class=\"su-column-inner su-u-clearfix su-u-trim\"> <div style=\"\" class=\"wp-video\"><video class=\"wp-video-shortcode\" id=\"video-6963-1\" preload=\"metadata\" controls=\"controls\"><source type=\"video\/mp4\" src=\"https:\/\/www.preussen-chapter.de\/blog\/wp-content\/uploads\/2023\/08\/IMG_3202.mp4?_=1\" \/><a href=\"https:\/\/www.preussen-chapter.de\/blog\/wp-content\/uploads\/2023\/08\/IMG_3202.mp4\">https:\/\/www.preussen-chapter.de\/blog\/wp-content\/uploads\/2023\/08\/IMG_3202.mp4<\/a><\/video><\/div> <\/div><\/div>\n<div class=\"su-column su-column-size-1-2\"><div class=\"su-column-inner su-u-clearfix su-u-trim\"> <div style=\"\" class=\"wp-video\"><video class=\"wp-video-shortcode\" id=\"video-6963-2\" preload=\"metadata\" controls=\"controls\"><source type=\"video\/mp4\" src=\"https:\/\/www.preussen-chapter.de\/blog\/wp-content\/uploads\/2023\/08\/IMG_3204.mp4?_=2\" \/><a href=\"https:\/\/www.preussen-chapter.de\/blog\/wp-content\/uploads\/2023\/08\/IMG_3204.mp4\">https:\/\/www.preussen-chapter.de\/blog\/wp-content\/uploads\/2023\/08\/IMG_3204.mp4<\/a><\/video><\/div> <\/div><\/div>\n<\/div>\n<div class=\"su-row\"><div class=\"su-column su-column-size-1-2\"><div class=\"su-column-inner su-u-clearfix su-u-trim\">\n<h3>\n<p align=\"center\"><font color=\"#ff4800\">Heidehaus Teil 3<\/font><\/p>\n<\/h3>\n<\/div><\/div>\n<div class=\"su-column su-column-size-1-2\"><div class=\"su-column-inner su-u-clearfix su-u-trim\">\n<h3>\n<p align=\"center\"><font color=\"#ff4800\">Heidehaus Teil 4<\/font><\/p>\n<\/h3>\n<\/div><\/div><\/div>\n<div class=\"su-row\"><div class=\"su-column su-column-size-1-2\"><div class=\"su-column-inner su-u-clearfix su-u-trim\"> <div style=\"\" class=\"wp-video\"><video class=\"wp-video-shortcode\" id=\"video-6963-3\" preload=\"metadata\" controls=\"controls\"><source type=\"video\/mp4\" src=\"https:\/\/www.preussen-chapter.de\/blog\/wp-content\/uploads\/2023\/08\/Video3.mp4?_=3\" \/><a href=\"https:\/\/www.preussen-chapter.de\/blog\/wp-content\/uploads\/2023\/08\/Video3.mp4\">https:\/\/www.preussen-chapter.de\/blog\/wp-content\/uploads\/2023\/08\/Video3.mp4<\/a><\/video><\/div>\n<\/div><\/div>\n<div class=\"su-column su-column-size-1-2\"><div class=\"su-column-inner su-u-clearfix su-u-trim\"> <div style=\"\" class=\"wp-video\"><video class=\"wp-video-shortcode\" id=\"video-6963-4\" preload=\"metadata\" controls=\"controls\"><source type=\"video\/mp4\" src=\"https:\/\/www.preussen-chapter.de\/blog\/wp-content\/uploads\/2023\/08\/Spende_23.mp4?_=4\" \/><a href=\"https:\/\/www.preussen-chapter.de\/blog\/wp-content\/uploads\/2023\/08\/Spende_23.mp4\">https:\/\/www.preussen-chapter.de\/blog\/wp-content\/uploads\/2023\/08\/Spende_23.mp4<\/a><\/video><\/div> <\/div><\/div>\n<\/div>\n<\/div><\/div>\n<div class=\"su-spoiler su-spoiler-style-default su-spoiler-icon-plus su-spoiler-closed\" data-scroll-offset=\"0\" data-anchor-in-url=\"no\"><div class=\"su-spoiler-title\" tabindex=\"0\" role=\"button\"><span class=\"su-spoiler-icon\"><\/span>Charity 2024<\/div><div class=\"su-spoiler-content su-u-clearfix su-u-trim\"><div class=\"su-row\"><\/div><div class=\"su-column su-column-size-1-1\"><div class=\"su-column-inner su-u-clearfix su-u-trim\"><\/div><\/div>\n<p style=\"text-align: center;\"><strong><span style=\"color: #ff4800; font-size: 22px;\">Preussen Chapter Charity-Tour 2024<\/span><\/strong><\/p>\n<\/div><\/div>\n","protected":false},"excerpt":{"rendered":"<p>Preussen Chapter Charity &#8220;Heidehaus&#8221; in Gross Sch\u00f6nebeck &nbsp;<\/p>\n","protected":false},"author":1,"featured_media":0,"parent":0,"menu_order":0,"comment_status":"closed","ping_status":"closed","template":"","meta":{"footnotes":""},"class_list":["post-6963","page","type-page","status-publish","hentry","post"],"_links":{"self":[{"href":"https:\/\/www.preussen-chapter.de\/blog\/index.php?rest_route=\/wp\/v2\/pages\/6963","targetHints":{"allow":["GET"]}}],"collection":[{"href":"https:\/\/www.preussen-chapter.de\/blog\/index.php?rest_route=\/wp\/v2\/pages"}],"about":[{"href":"https:\/\/www.preussen-chapter.de\/blog\/index.php?rest_route=\/wp\/v2\/types\/page"}],"author":[{"embeddable":true,"href":"https:\/\/www.preussen-chapter.de\/blog\/index.php?rest_route=\/wp\/v2\/users\/1"}],"replies":[{"embeddable":true,"href":"https:\/\/www.preussen-chapter.de\/blog\/index.php?rest_route=%2Fwp%2Fv2%2Fcomments&post=6963"}],"version-history":[{"count":222,"href":"https:\/\/www.preussen-chapter.de\/blog\/index.php?rest_route=\/wp\/v2\/pages\/6963\/revisions"}],"predecessor-version":[{"id":9611,"href":"https:\/\/www.preussen-chapter.de\/blog\/index.php?rest_route=\/wp\/v2\/pages\/6963\/revisions\/9611"}],"wp:attachment":[{"href":"https:\/\/www.preussen-chapter.de\/blog\/index.php?rest_route=%2Fwp%2Fv2%2Fmedia&parent=6963"}],"curies":[{"name":"wp","href":"https:\/\/api.w.org\/{rel}","templated":true}]}}